{"id":338,"date":"2023-08-17T06:13:00","date_gmt":"2023-08-17T06:13:00","guid":{"rendered":"https:\/\/easyhomeworkouts.com\/?page_id=338"},"modified":"2024-01-01T18:36:07","modified_gmt":"2024-01-01T18:36:07","slug":"yhteydenotto","status":"publish","type":"page","link":"https:\/\/easyhomeworkouts.com\/fi\/yhteydenotto\/","title":{"rendered":"Yhteydenotto"},"content":{"rendered":"\t\t<div data-elementor-type=\"wp-page\" data-elementor-id=\"338\" class=\"elementor elementor-338\" data-elementor-post-type=\"page\">\n\t\t\t\t<div class=\"elementor-element elementor-element-dc34479 e-flex e-con-boxed e-con e-parent\" data-id=\"dc34479\" data-element_type=\"container\" data-settings=\"{&quot;background_background&quot;:&quot;classic&quot;}\">\n\t\t\t\t\t<div class=\"e-con-inner\">\n\t\t<div class=\"elementor-element elementor-element-d28eea4 e-con-full e-flex e-con e-child\" data-id=\"d28eea4\" data-element_type=\"container\">\n\t\t\t\t<div class=\"elementor-element elementor-element-ba2ac28 elementor-widget elementor-widget-heading\" data-id=\"ba2ac28\" data-element_type=\"widget\" data-widget_type=\"heading.default\">\n\t\t\t\t<div class=\"elementor-widget-container\">\n\t\t\t<h1 class=\"elementor-heading-title elementor-size-default\">Ota meihin yhteytt\u00e4<\/h1>\t\t<\/div>\n\t\t\t\t<\/div>\n\t\t\t\t<\/div>\n\t\t<div class=\"elementor-element elementor-element-95e998a e-con-full e-flex e-con e-child\" data-id=\"95e998a\" data-element_type=\"container\">\n\t\t\t\t<\/div>\n\t\t\t\t\t<\/div>\n\t\t\t\t<\/div>\n\t\t<div class=\"elementor-element elementor-element-f79330b e-flex e-con-boxed e-con e-parent\" data-id=\"f79330b\" data-element_type=\"container\" data-settings=\"{&quot;background_background&quot;:&quot;classic&quot;}\">\n\t\t\t\t\t<div class=\"e-con-inner\">\n\t\t<div class=\"elementor-element elementor-element-d3bc704 e-flex e-con-boxed e-con e-child\" data-id=\"d3bc704\" data-element_type=\"container\">\n\t\t\t\t\t<div class=\"e-con-inner\">\n\t\t<div class=\"elementor-element elementor-element-aa9b54e e-flex e-con-boxed e-con e-child\" data-id=\"aa9b54e\" data-element_type=\"container\">\n\t\t\t\t\t<div class=\"e-con-inner\">\n\t\t\t\t<div class=\"elementor-element elementor-element-5e84a1e elementor-widget-mobile__width-auto elementor-view-default elementor-widget elementor-widget-icon\" data-id=\"5e84a1e\" data-element_type=\"widget\" data-widget_type=\"icon.default\">\n\t\t\t\t<div class=\"elementor-widget-container\">\n\t\t\t\t\t<div class=\"elementor-icon-wrapper\">\n\t\t\t<div class=\"elementor-icon\">\n\t\t\t<svg xmlns=\"http:\/\/www.w3.org\/2000\/svg\" id=\"Layer_1\" data-name=\"Layer 1\" viewBox=\"0 0 930.55 930.55\"><circle cx=\"465.27\" cy=\"465.27\" r=\"465.27\" style=\"fill:#ff6b10\"><\/circle><path d=\"M221.43,434.33l93.75,93.75,93.76-93.75a56.62,56.62,0,0,0-80.07-80.07L315.18,368,301.5,354.26a56.62,56.62,0,1,0-80.07,80.07Z\" style=\"fill:#ffb375\"><\/path><path d=\"M647.1,193.08a85.2,85.2,0,0,1,52.5,26.39C743.12,266,807.93,383.61,647.78,592.09c-151.81,197.6-281.73,190.5-345,169.24a85.25,85.25,0,0,1-52.68-51.5l-5.5-15A24.89,24.89,0,0,1,252.23,667l94.15-76.68a24.86,24.86,0,0,1,31.09-.26l59,46.44a16.55,16.55,0,0,0,19.88.47c21.21-15.17,71.16-53.29,110.15-101.58,39.47-48.88,52.27-106.64,56-130.08a16.58,16.58,0,0,0-7.12-16.41l-63.79-42.86a24.87,24.87,0,0,1-9.21-29.89l44.69-111.54A24.87,24.87,0,0,1,613,189.16Z\" style=\"fill:#fefdfb\"><\/path><\/svg>\t\t\t<\/div>\n\t\t<\/div>\n\t\t\t\t<\/div>\n\t\t\t\t<\/div>\n\t\t\t\t<div class=\"elementor-element elementor-element-533473b elementor-widget-mobile__width-auto elementor-widget elementor-widget-heading\" data-id=\"533473b\" data-element_type=\"widget\" data-widget_type=\"heading.default\">\n\t\t\t\t<div class=\"elementor-widget-container\">\n\t\t\t<h2 class=\"elementor-heading-title elementor-size-default\">Soita (arkisin 10\u201315):<br>\n+46850781383<\/h2>\t\t<\/div>\n\t\t\t\t<\/div>\n\t\t\t\t\t<\/div>\n\t\t\t\t<\/div>\n\t\t<div class=\"elementor-element elementor-element-26738c5 e-flex e-con-boxed e-con e-child\" data-id=\"26738c5\" data-element_type=\"container\">\n\t\t\t\t\t<div class=\"e-con-inner\">\n\t\t\t\t<div class=\"elementor-element elementor-element-2e657bf elementor-widget-mobile__width-auto elementor-view-default elementor-widget elementor-widget-icon\" data-id=\"2e657bf\" data-element_type=\"widget\" data-widget_type=\"icon.default\">\n\t\t\t\t<div class=\"elementor-widget-container\">\n\t\t\t\t\t<div class=\"elementor-icon-wrapper\">\n\t\t\t<div class=\"elementor-icon\">\n\t\t\t<svg xmlns=\"http:\/\/www.w3.org\/2000\/svg\" id=\"Layer_1\" data-name=\"Layer 1\" viewBox=\"0 0 930.55 930.55\"><circle cx=\"465.27\" cy=\"465.27\" r=\"465.27\" style=\"fill:#ff6b10\"><\/circle><path d=\"M749.66,303.3v310a44,44,0,0,1-44,44H224.88a44,44,0,0,1-44-44V303.3a30,30,0,0,1,27.63-29.9c.78-.07,1.57-.1,2.37-.1H719.66c.8,0,1.59,0,2.37.1a30,30,0,0,1,27.63,29.9Z\" style=\"fill:#fefdfb\"><\/path><path d=\"M740.63,282.13,608.14,399.33,485,508.31a28.82,28.82,0,0,1-38.57,0l-123.18-109L189.91,281.4a29.73,29.73,0,0,1,18.22-8.1H721.65A29.82,29.82,0,0,1,740.63,282.13Z\" style=\"fill:#ffb375\"><\/path><\/svg>\t\t\t<\/div>\n\t\t<\/div>\n\t\t\t\t<\/div>\n\t\t\t\t<\/div>\n\t\t\t\t<div class=\"elementor-element elementor-element-82ebc51 elementor-widget-mobile__width-auto elementor-widget elementor-widget-heading\" data-id=\"82ebc51\" data-element_type=\"widget\" data-widget_type=\"heading.default\">\n\t\t\t\t<div class=\"elementor-widget-container\">\n\t\t\t<h2 class=\"elementor-heading-title elementor-size-default\">L\u00e4het\u00e4 s\u00e4hk\u00f6postia:<br>\ninfo@easyhomeworkouts.com<\/h2>\t\t<\/div>\n\t\t\t\t<\/div>\n\t\t\t\t\t<\/div>\n\t\t\t\t<\/div>\n\t\t<div class=\"elementor-element elementor-element-f98e8fa e-flex e-con-boxed e-con e-child\" data-id=\"f98e8fa\" data-element_type=\"container\">\n\t\t\t\t\t<div class=\"e-con-inner\">\n\t\t\t\t<div class=\"elementor-element elementor-element-45a8722 elementor-widget-mobile__width-auto elementor-view-default elementor-widget elementor-widget-icon\" data-id=\"45a8722\" data-element_type=\"widget\" data-widget_type=\"icon.default\">\n\t\t\t\t<div class=\"elementor-widget-container\">\n\t\t\t\t\t<div class=\"elementor-icon-wrapper\">\n\t\t\t<div class=\"elementor-icon\">\n\t\t\t<svg xmlns=\"http:\/\/www.w3.org\/2000\/svg\" id=\"Layer_1\" data-name=\"Layer 1\" viewBox=\"0 0 947.99 930.55\"><circle cx=\"465.27\" cy=\"465.27\" r=\"465.27\" style=\"fill:#ff6b10\"><\/circle><rect x=\"127.28\" y=\"443.29\" width=\"649.5\" height=\"244.1\" rx=\"50.92\" style=\"fill:#fefdfb\"><\/rect><rect x=\"222.79\" y=\"210.2\" width=\"553.98\" height=\"177.39\" rx=\"49.56\" style=\"fill:#ffb375\"><\/rect><path d=\"M630.32,687.4s12.73,44-50.94,71.55c0,0,89.14-.9,114.61-71.55S630.32,687.4,630.32,687.4Z\" style=\"fill:#fefdfb\"><\/path><path d=\"M708.57,354.7s-9.53,44.76,56,67.69c0,0-89,5.54-119.49-63.09S708.57,354.7,708.57,354.7Z\" style=\"fill:#ffb375\"><\/path><path d=\"M442.34,572.41c-8.15,22.52-31.7,38.21-55.59,37.2-23.5-1-44.88-18.52-51.48-40.86-2.91-9.85-18.36-5.66-15.43,4.25,8.67,29.34,36.22,51.32,66.91,52.61,31.33,1.33,60.51-19.91,71-49C461.28,567,445.82,562.78,442.34,572.41Z\" style=\"fill:#ff6b10\"><\/path><path d=\"M372.31,527.3c-10.3,0-10.31,16,0,16S382.62,527.3,372.31,527.3Z\" style=\"fill:#ff6b10\"><\/path><path d=\"M410.79,528.67c-10.29,0-10.31,16,0,16S421.11,528.67,410.79,528.67Z\" style=\"fill:#ff6b10\"><\/path><path d=\"M639.93,250.88c-8.14,0-8.16,12.65,0,12.65S648.08,250.88,639.93,250.88Z\" style=\"fill:#fff\"><\/path><path d=\"M672.17,249.59c-8.14,0-8.15,12.65,0,12.65S680.32,249.59,672.17,249.59Z\" style=\"fill:#fff\"><\/path><path d=\"M690.07,274.16a38.23,38.23,0,0,1-67.48,2.36c-1.7-3-4.93-4.75-8.32-3.29-2.87,1.24-5,5.35-3.29,8.32,9.42,16.39,26.81,26.95,45.88,26.63s36.52-12.26,44.92-29.22C705.4,271.65,693.67,266.9,690.07,274.16Z\" style=\"fill:#fff\"><\/path><\/svg>\t\t\t<\/div>\n\t\t<\/div>\n\t\t\t\t<\/div>\n\t\t\t\t<\/div>\n\t\t\t\t<div class=\"elementor-element elementor-element-82b0c47 elementor-widget-mobile__width-auto elementor-widget elementor-widget-heading\" data-id=\"82b0c47\" data-element_type=\"widget\" data-widget_type=\"heading.default\">\n\t\t\t\t<div class=\"elementor-widget-container\">\n\t\t\t<h2 class=\"elementor-heading-title elementor-size-default\">Chat:<br>klikkaa puhekuplaa<\/h2>\t\t<\/div>\n\t\t\t\t<\/div>\n\t\t\t\t\t<\/div>\n\t\t\t\t<\/div>\n\t\t\t\t\t<\/div>\n\t\t\t\t<\/div>\n\t\t<div class=\"elementor-element elementor-element-e2ea26a e-flex e-con-boxed e-con e-child\" data-id=\"e2ea26a\" data-element_type=\"container\">\n\t\t\t\t\t<div class=\"e-con-inner\">\n\t\t<div class=\"elementor-element elementor-element-19465d8 e-flex e-con-boxed e-con e-child\" data-id=\"19465d8\" data-element_type=\"container\">\n\t\t\t\t\t<div class=\"e-con-inner\">\n\t\t\t\t<div class=\"elementor-element elementor-element-1ef35fe elementor-widget-mobile__width-auto elementor-view-default elementor-widget elementor-widget-icon\" data-id=\"1ef35fe\" data-element_type=\"widget\" data-widget_type=\"icon.default\">\n\t\t\t\t<div class=\"elementor-widget-container\">\n\t\t\t\t\t<div class=\"elementor-icon-wrapper\">\n\t\t\t<div class=\"elementor-icon\">\n\t\t\t<svg xmlns=\"http:\/\/www.w3.org\/2000\/svg\" id=\"Layer_1\" data-name=\"Layer 1\" viewBox=\"0 0 930.55 930.55\"><circle cx=\"465.27\" cy=\"465.27\" r=\"465.27\" style=\"fill:#ff6b10\"><\/circle><path d=\"M657.72,257.83V650c0,30.76-13.68,55.68-30.55,55.68H293.37c-16.87,0-30.55-24.92-30.55-55.68V362.22L405.16,219.87H636.89a10,10,0,0,1,1.64.12c5.15.72,9.77,4.86,13.18,11.18C655.43,238,657.72,247.42,657.72,257.83Z\" style=\"fill:#fefdfb\"><\/path><polygon points=\"406.18 218.86 406.18 362.22 262.82 362.22 405.16 219.87 406.18 218.86\" style=\"fill:#ffb375\"><\/polygon><line x1=\"336.76\" y1=\"447.92\" x2=\"583.79\" y2=\"447.92\" style=\"fill:#ffb375;stroke:#ffb375;stroke-linecap:round;stroke-linejoin:round;stroke-width:16px\"><\/line><line x1=\"336.76\" y1=\"525.96\" x2=\"583.79\" y2=\"525.96\" style=\"fill:#ffb375;stroke:#ffb375;stroke-linecap:round;stroke-linejoin:round;stroke-width:16px\"><\/line><line x1=\"336.76\" y1=\"603.99\" x2=\"583.79\" y2=\"603.99\" style=\"fill:#ffb375;stroke:#ffb375;stroke-linecap:round;stroke-linejoin:round;stroke-width:16px\"><\/line><\/svg>\t\t\t<\/div>\n\t\t<\/div>\n\t\t\t\t<\/div>\n\t\t\t\t<\/div>\n\t\t\t\t<div class=\"elementor-element elementor-element-10e8342 elementor-widget-mobile__width-auto elementor-widget elementor-widget-heading\" data-id=\"10e8342\" data-element_type=\"widget\" data-widget_type=\"heading.default\">\n\t\t\t\t<div class=\"elementor-widget-container\">\n\t\t\t<h2 class=\"elementor-heading-title elementor-size-default\">Viestilomake:<br>t\u00e4yt\u00e4 alla<\/h2>\t\t<\/div>\n\t\t\t\t<\/div>\n\t\t\t\t<div class=\"elementor-element elementor-element-fa854e7 elementor-button-align-stretch elementor-widget elementor-widget-form\" data-id=\"fa854e7\" data-element_type=\"widget\" data-settings=\"{&quot;step_next_label&quot;:&quot;Next&quot;,&quot;step_previous_label&quot;:&quot;Previous&quot;,&quot;button_width&quot;:&quot;100&quot;,&quot;step_type&quot;:&quot;number_text&quot;,&quot;step_icon_shape&quot;:&quot;circle&quot;}\" data-widget_type=\"form.default\">\n\t\t\t\t<div class=\"elementor-widget-container\">\n\t\t\t\t\t<form class=\"elementor-form\" method=\"post\" name=\"New Form\">\n\t\t\t<input type=\"hidden\" name=\"post_id\" value=\"338\"\/>\n\t\t\t<input type=\"hidden\" name=\"form_id\" value=\"fa854e7\"\/>\n\t\t\t<input type=\"hidden\" name=\"referer_title\" value=\"\" \/>\n\n\t\t\t\n\t\t\t<div class=\"elementor-form-fields-wrapper elementor-labels-\">\n\t\t\t\t\t\t\t\t<div class=\"elementor-field-type-text elementor-field-group elementor-column elementor-field-group-name elementor-col-100\">\n\t\t\t\t\t\t\t\t\t\t\t\t<label for=\"form-field-name\" class=\"elementor-field-label elementor-screen-only\">\n\t\t\t\t\t\t\t\tNimi\t\t\t\t\t\t\t<\/label>\n\t\t\t\t\t\t\t\t\t\t\t\t\t\t<input size=\"1\" type=\"text\" name=\"form_fields[name]\" id=\"form-field-name\" class=\"elementor-field elementor-size-sm  elementor-field-textual\" placeholder=\"Nimi\">\n\t\t\t\t\t\t\t\t\t\t\t<\/div>\n\t\t\t\t\t\t\t\t<div class=\"elementor-field-type-email elementor-field-group elementor-column elementor-field-group-email elementor-col-100 elementor-field-required\">\n\t\t\t\t\t\t\t\t\t\t\t\t<label for=\"form-field-email\" class=\"elementor-field-label elementor-screen-only\">\n\t\t\t\t\t\t\t\tS\u00e4hk\u00f6posti\t\t\t\t\t\t\t<\/label>\n\t\t\t\t\t\t\t\t\t\t\t\t\t\t<input size=\"1\" type=\"email\" name=\"form_fields[email]\" id=\"form-field-email\" class=\"elementor-field elementor-size-sm  elementor-field-textual\" placeholder=\"S\u00e4hk\u00f6posti\" required=\"required\" aria-required=\"true\">\n\t\t\t\t\t\t\t\t\t\t\t<\/div>\n\t\t\t\t\t\t\t\t<div class=\"elementor-field-type-textarea elementor-field-group elementor-column elementor-field-group-message elementor-col-100\">\n\t\t\t\t\t\t\t\t\t\t\t\t<label for=\"form-field-message\" class=\"elementor-field-label elementor-screen-only\">\n\t\t\t\t\t\t\t\tViesti\t\t\t\t\t\t\t<\/label>\n\t\t\t\t\t\t<textarea class=\"elementor-field-textual elementor-field  elementor-size-sm\" name=\"form_fields[message]\" id=\"form-field-message\" rows=\"4\" placeholder=\"Viesti\"><\/textarea>\t\t\t\t<\/div>\n\t\t\t\t\t\t\t\t<div class=\"elementor-field-group elementor-column elementor-field-type-submit elementor-col-100 e-form__buttons\">\n\t\t\t\t\t<button class=\"elementor-button elementor-size-sm\" type=\"submit\">\n\t\t\t\t\t\t<span class=\"elementor-button-content-wrapper\">\n\t\t\t\t\t\t\t\t\t\t\t\t\t\t\t\t\t\t\t\t\t\t<span class=\"elementor-button-text\">L\u00e4het\u00e4 viesti<\/span>\n\t\t\t\t\t\t\t\t\t\t\t\t\t<\/span>\n\t\t\t\t\t<\/button>\n\t\t\t\t<\/div>\n\t\t\t<\/div>\n\t\t<\/form>\n\t\t\t\t<\/div>\n\t\t\t\t<\/div>\n\t\t\t\t\t<\/div>\n\t\t\t\t<\/div>\n\t\t\t\t\t<\/div>\n\t\t\t\t<\/div>\n\t\t\t\t\t<\/div>\n\t\t\t\t<\/div>\n\t\t\t\t<\/div>\n\t\t","protected":false},"excerpt":{"rendered":"<p>Ota meihin yhteytt\u00e4 Soita (arkisin 10\u201315): +46850781383 L\u00e4het\u00e4 s\u00e4hk\u00f6postia: info@easyhomeworkouts.com Chat:klikkaa puhekuplaa Viestilomake:t\u00e4yt\u00e4 alla<\/p>\n","protected":false},"author":2,"featured_media":0,"parent":0,"menu_order":0,"comment_status":"closed","ping_status":"closed","template":"elementor_header_footer","meta":{"footnotes":""},"class_list":["post-338","page","type-page","status-publish","hentry"],"aioseo_notices":[],"_links":{"self":[{"href":"https:\/\/easyhomeworkouts.com\/fi\/wp-json\/wp\/v2\/pages\/338","targetHints":{"allow":["GET"]}}],"collection":[{"href":"https:\/\/easyhomeworkouts.com\/fi\/wp-json\/wp\/v2\/pages"}],"about":[{"href":"https:\/\/easyhomeworkouts.com\/fi\/wp-json\/wp\/v2\/types\/page"}],"author":[{"embeddable":true,"href":"https:\/\/easyhomeworkouts.com\/fi\/wp-json\/wp\/v2\/users\/2"}],"replies":[{"embeddable":true,"href":"https:\/\/easyhomeworkouts.com\/fi\/wp-json\/wp\/v2\/comments?post=338"}],"version-history":[{"count":0,"href":"https:\/\/easyhomeworkouts.com\/fi\/wp-json\/wp\/v2\/pages\/338\/revisions"}],"wp:attachment":[{"href":"https:\/\/easyhomeworkouts.com\/fi\/wp-json\/wp\/v2\/media?parent=338"}],"curies":[{"name":"wp","href":"https:\/\/api.w.org\/{rel}","templated":true}]}}