{"id":7479,"date":"2024-04-08T08:30:03","date_gmt":"2024-04-08T08:30:03","guid":{"rendered":"https:\/\/easyhomeworkouts.com\/?page_id=7479"},"modified":"2024-05-06T06:32:05","modified_gmt":"2024-05-06T06:32:05","slug":"blogi","status":"publish","type":"page","link":"https:\/\/easyhomeworkouts.com\/fi\/blogi\/","title":{"rendered":"Blogi"},"content":{"rendered":"\t\t<div data-elementor-type=\"wp-page\" data-elementor-id=\"7479\" class=\"elementor elementor-7479\" data-elementor-post-type=\"page\">\n\t\t\t\t<div class=\"elementor-element elementor-element-d3f896c e-flex e-con-boxed e-con e-parent\" data-id=\"d3f896c\" data-element_type=\"container\" data-settings=\"{&quot;background_background&quot;:&quot;classic&quot;}\">\n\t\t\t\t\t<div class=\"e-con-inner\">\n\t\t<div class=\"elementor-element elementor-element-e159276 e-con-full e-flex e-con e-child\" data-id=\"e159276\" data-element_type=\"container\">\n\t\t\t\t<div class=\"elementor-element elementor-element-791e809 elementor-widget elementor-widget-heading\" data-id=\"791e809\" data-element_type=\"widget\" data-widget_type=\"heading.default\">\n\t\t\t\t<div class=\"elementor-widget-container\">\n\t\t\t<h1 class=\"elementor-heading-title elementor-size-medium\">Blogi<\/h1>\t\t<\/div>\n\t\t\t\t<\/div>\n\t\t\t\t<\/div>\n\t\t<div class=\"elementor-element elementor-element-6be29be e-con-full e-flex e-con e-child\" data-id=\"6be29be\" data-element_type=\"container\">\n\t\t\t\t<div class=\"elementor-element elementor-element-74563a6 elementor-grid-1 elementor-grid-tablet-1 elementor-grid-mobile-1 elementor-posts--thumbnail-top elementor-widget elementor-widget-posts\" data-id=\"74563a6\" data-element_type=\"widget\" data-settings=\"{&quot;classic_columns&quot;:&quot;1&quot;,&quot;classic_columns_tablet&quot;:&quot;1&quot;,&quot;classic_columns_mobile&quot;:&quot;1&quot;,&quot;classic_row_gap&quot;:{&quot;unit&quot;:&quot;px&quot;,&quot;size&quot;:35,&quot;sizes&quot;:[]},&quot;classic_row_gap_tablet&quot;:{&quot;unit&quot;:&quot;px&quot;,&quot;size&quot;:&quot;&quot;,&quot;sizes&quot;:[]},&quot;classic_row_gap_mobile&quot;:{&quot;unit&quot;:&quot;px&quot;,&quot;size&quot;:&quot;&quot;,&quot;sizes&quot;:[]}}\" data-widget_type=\"posts.classic\">\n\t\t\t\t<div class=\"elementor-widget-container\">\n\t\t\t\t\t<div class=\"elementor-posts-container elementor-posts elementor-posts--skin-classic elementor-grid\">\n\t\t\t\t<article class=\"elementor-post elementor-grid-item post-8003 post type-post status-publish format-standard has-post-thumbnail hentry category-pilates\">\n\t\t\t\t<a class=\"elementor-post__thumbnail__link\" href=\"https:\/\/easyhomeworkouts.com\/fi\/5-syyta-miksi-pilates-voi-toimia-sinulle-vaikka-muut-lajit-ei\/\" tabindex=\"-1\" >\n\t\t\t<div class=\"elementor-post__thumbnail\"><img fetchpriority=\"high\" decoding=\"async\" width=\"300\" height=\"200\" src=\"https:\/\/easyhomeworkouts.com\/wp-content\/uploads\/2024\/04\/2-300x200.jpg\" class=\"attachment-medium size-medium wp-image-8178\" alt=\"\" srcset=\"https:\/\/easyhomeworkouts.com\/wp-content\/uploads\/2024\/04\/2-300x200.jpg 300w, https:\/\/easyhomeworkouts.com\/wp-content\/uploads\/2024\/04\/2-768x512.jpg 768w, https:\/\/easyhomeworkouts.com\/wp-content\/uploads\/2024\/04\/2-60x40.jpg 60w, https:\/\/easyhomeworkouts.com\/wp-content\/uploads\/2024\/04\/2-110x73.jpg 110w, https:\/\/easyhomeworkouts.com\/wp-content\/uploads\/2024\/04\/2-600x400.jpg 600w, https:\/\/easyhomeworkouts.com\/wp-content\/uploads\/2024\/04\/2.jpg 1000w\" sizes=\"(max-width: 300px) 100vw, 300px\" \/><\/div>\n\t\t<\/a>\n\t\t\t\t<div class=\"elementor-post__text\">\n\t\t\t\t<h3 class=\"elementor-post__title\">\n\t\t\t<a href=\"https:\/\/easyhomeworkouts.com\/fi\/5-syyta-miksi-pilates-voi-toimia-sinulle-vaikka-muut-lajit-ei\/\" >\n\t\t\t\t5 syyt\u00e4 miksi pilates voi toimia sinulle, vaikka muut lajit ei\t\t\t<\/a>\n\t\t<\/h3>\n\t\t\t\t<div class=\"elementor-post__excerpt\">\n\t\t\t<p>Oletko kokeillut kaikkea mahdollista kuntosalista juoksuun, mutta et ole saanut toivottuja tuloksia?<\/p>\n<p>Ei h\u00e4t\u00e4\u00e4, pilates saattaa olla juuri se, mit\u00e4 olet etsinyt.<\/p>\n<p>T\u00e4ss\u00e4 viisi syyt\u00e4, miksi pilates voisi olla sinun juttusi.<\/p>\n\t\t<\/div>\n\t\t\n\t\t<a class=\"elementor-post__read-more\" href=\"https:\/\/easyhomeworkouts.com\/fi\/5-syyta-miksi-pilates-voi-toimia-sinulle-vaikka-muut-lajit-ei\/\" aria-label=\"Read more about 5 syyt\u00e4 miksi pilates voi toimia sinulle, vaikka muut lajit ei\" tabindex=\"-1\" >\n\t\t\tLue lis\u00e4\u00e4 &gt;\t\t<\/a>\n\n\t\t\t\t<\/div>\n\t\t\t\t<\/article>\n\t\t\t\t<\/div>\n\t\t\n\t\t\t\t<\/div>\n\t\t\t\t<\/div>\n\t\t\t\t<\/div>\n\t\t\t\t\t<\/div>\n\t\t\t\t<\/div>\n\t\t<div class=\"elementor-element elementor-element-dec0ebf e-flex e-con-boxed e-con e-parent\" data-id=\"dec0ebf\" data-element_type=\"container\" data-settings=\"{&quot;background_background&quot;:&quot;classic&quot;}\">\n\t\t\t\t\t<div class=\"e-con-inner\">\n\t\t\t\t<div class=\"elementor-element elementor-element-54e71ab elementor-grid-3 elementor-grid-tablet-2 elementor-grid-mobile-1 elementor-posts--thumbnail-top load-more-align-center elementor-widget elementor-widget-posts\" data-id=\"54e71ab\" data-element_type=\"widget\" data-settings=\"{&quot;pagination_type&quot;:&quot;load_more_on_click&quot;,&quot;classic_columns&quot;:&quot;3&quot;,&quot;classic_columns_tablet&quot;:&quot;2&quot;,&quot;classic_columns_mobile&quot;:&quot;1&quot;,&quot;classic_row_gap&quot;:{&quot;unit&quot;:&quot;px&quot;,&quot;size&quot;:35,&quot;sizes&quot;:[]},&quot;classic_row_gap_tablet&quot;:{&quot;unit&quot;:&quot;px&quot;,&quot;size&quot;:&quot;&quot;,&quot;sizes&quot;:[]},&quot;classic_row_gap_mobile&quot;:{&quot;unit&quot;:&quot;px&quot;,&quot;size&quot;:&quot;&quot;,&quot;sizes&quot;:[]},&quot;load_more_spinner&quot;:{&quot;value&quot;:&quot;fas fa-spinner&quot;,&quot;library&quot;:&quot;fa-solid&quot;}}\" data-widget_type=\"posts.classic\">\n\t\t\t\t<div class=\"elementor-widget-container\">\n\t\t\t\t\t<div class=\"elementor-posts-container elementor-posts elementor-posts--skin-classic elementor-grid\">\n\t\t\t\t<article class=\"elementor-post elementor-grid-item post-8003 post type-post status-publish format-standard has-post-thumbnail hentry category-pilates\">\n\t\t\t\t<a class=\"elementor-post__thumbnail__link\" href=\"https:\/\/easyhomeworkouts.com\/fi\/5-syyta-miksi-pilates-voi-toimia-sinulle-vaikka-muut-lajit-ei\/\" tabindex=\"-1\" >\n\t\t\t<div class=\"elementor-post__thumbnail\"><img fetchpriority=\"high\" decoding=\"async\" width=\"300\" height=\"200\" src=\"https:\/\/easyhomeworkouts.com\/wp-content\/uploads\/2024\/04\/2-300x200.jpg\" class=\"attachment-medium size-medium wp-image-8178\" alt=\"\" srcset=\"https:\/\/easyhomeworkouts.com\/wp-content\/uploads\/2024\/04\/2-300x200.jpg 300w, https:\/\/easyhomeworkouts.com\/wp-content\/uploads\/2024\/04\/2-768x512.jpg 768w, https:\/\/easyhomeworkouts.com\/wp-content\/uploads\/2024\/04\/2-60x40.jpg 60w, https:\/\/easyhomeworkouts.com\/wp-content\/uploads\/2024\/04\/2-110x73.jpg 110w, https:\/\/easyhomeworkouts.com\/wp-content\/uploads\/2024\/04\/2-600x400.jpg 600w, https:\/\/easyhomeworkouts.com\/wp-content\/uploads\/2024\/04\/2.jpg 1000w\" sizes=\"(max-width: 300px) 100vw, 300px\" \/><\/div>\n\t\t<\/a>\n\t\t\t\t<div class=\"elementor-post__text\">\n\t\t\t\t<h3 class=\"elementor-post__title\">\n\t\t\t<a href=\"https:\/\/easyhomeworkouts.com\/fi\/5-syyta-miksi-pilates-voi-toimia-sinulle-vaikka-muut-lajit-ei\/\" >\n\t\t\t\t5 syyt\u00e4 miksi pilates voi toimia sinulle, vaikka muut lajit ei\t\t\t<\/a>\n\t\t<\/h3>\n\t\t\t\t<div class=\"elementor-post__excerpt\">\n\t\t\t<p>Oletko kokeillut kaikkea mahdollista kuntosalista juoksuun, mutta et ole saanut toivottuja tuloksia?<\/p>\n<p>Ei h\u00e4t\u00e4\u00e4, pilates saattaa olla juuri se, mit\u00e4 olet etsinyt.<\/p>\n<p>T\u00e4ss\u00e4 viisi syyt\u00e4, miksi pilates voisi olla sinun juttusi.<\/p>\n\t\t<\/div>\n\t\t\n\t\t<a class=\"elementor-post__read-more\" href=\"https:\/\/easyhomeworkouts.com\/fi\/5-syyta-miksi-pilates-voi-toimia-sinulle-vaikka-muut-lajit-ei\/\" aria-label=\"Read more about 5 syyt\u00e4 miksi pilates voi toimia sinulle, vaikka muut lajit ei\" tabindex=\"-1\" >\n\t\t\tLue lis\u00e4\u00e4 &gt;\t\t<\/a>\n\n\t\t\t\t<\/div>\n\t\t\t\t<\/article>\n\t\t\t\t<article class=\"elementor-post elementor-grid-item post-7930 post type-post status-publish format-standard has-post-thumbnail hentry category-pilates\">\n\t\t\t\t<a class=\"elementor-post__thumbnail__link\" href=\"https:\/\/easyhomeworkouts.com\/fi\/miksi-paino-ei-putoa-yllattava-syy-saattaa-olla-treenissasi\/\" tabindex=\"-1\" >\n\t\t\t<div class=\"elementor-post__thumbnail\"><img decoding=\"async\" width=\"300\" height=\"200\" src=\"https:\/\/easyhomeworkouts.com\/wp-content\/uploads\/2024\/04\/3-300x200.jpg\" class=\"attachment-medium size-medium wp-image-8180\" alt=\"\" srcset=\"https:\/\/easyhomeworkouts.com\/wp-content\/uploads\/2024\/04\/3-300x200.jpg 300w, https:\/\/easyhomeworkouts.com\/wp-content\/uploads\/2024\/04\/3-768x512.jpg 768w, https:\/\/easyhomeworkouts.com\/wp-content\/uploads\/2024\/04\/3-60x40.jpg 60w, https:\/\/easyhomeworkouts.com\/wp-content\/uploads\/2024\/04\/3-110x73.jpg 110w, https:\/\/easyhomeworkouts.com\/wp-content\/uploads\/2024\/04\/3-600x400.jpg 600w, https:\/\/easyhomeworkouts.com\/wp-content\/uploads\/2024\/04\/3.jpg 1000w\" sizes=\"(max-width: 300px) 100vw, 300px\" \/><\/div>\n\t\t<\/a>\n\t\t\t\t<div class=\"elementor-post__text\">\n\t\t\t\t<h3 class=\"elementor-post__title\">\n\t\t\t<a href=\"https:\/\/easyhomeworkouts.com\/fi\/miksi-paino-ei-putoa-yllattava-syy-saattaa-olla-treenissasi\/\" >\n\t\t\t\tMiksi paino ei putoa? Yll\u00e4tt\u00e4v\u00e4 syy saattaa olla treeniss\u00e4si\t\t\t<\/a>\n\t\t<\/h3>\n\t\t\t\t<div class=\"elementor-post__excerpt\">\n\t\t\t<p>Oletko huhkinut salilla ja ihmetellyt, miksi vaaka ei n\u00e4yt\u00e4 pienempi\u00e4 lukuja? Yll\u00e4tt\u00e4v\u00e4\u00e4 kyll\u00e4, se kova treeni, jota olet tehnyt, saattaa olla syy siihen, miksi painosi ei tipu.<\/p>\n<p>Kuulostaa hullulta, eik\u00f6? Mutta anna meid\u00e4n selitt\u00e4\u00e4.<\/p>\n\t\t<\/div>\n\t\t\n\t\t<a class=\"elementor-post__read-more\" href=\"https:\/\/easyhomeworkouts.com\/fi\/miksi-paino-ei-putoa-yllattava-syy-saattaa-olla-treenissasi\/\" aria-label=\"Read more about Miksi paino ei putoa? Yll\u00e4tt\u00e4v\u00e4 syy saattaa olla treeniss\u00e4si\" tabindex=\"-1\" >\n\t\t\tLue lis\u00e4\u00e4 &gt;\t\t<\/a>\n\n\t\t\t\t<\/div>\n\t\t\t\t<\/article>\n\t\t\t\t<article class=\"elementor-post elementor-grid-item post-7980 post type-post status-publish format-standard has-post-thumbnail hentry category-pilates\">\n\t\t\t\t<a class=\"elementor-post__thumbnail__link\" href=\"https:\/\/easyhomeworkouts.com\/fi\/5-tasmavinkkia-joilla-saavutat-kiintean-vartalon\/\" tabindex=\"-1\" >\n\t\t\t<div class=\"elementor-post__thumbnail\"><img decoding=\"async\" width=\"300\" height=\"200\" src=\"https:\/\/easyhomeworkouts.com\/wp-content\/uploads\/2024\/04\/6-300x200.jpg\" class=\"attachment-medium size-medium wp-image-8186\" alt=\"\" srcset=\"https:\/\/easyhomeworkouts.com\/wp-content\/uploads\/2024\/04\/6-300x200.jpg 300w, https:\/\/easyhomeworkouts.com\/wp-content\/uploads\/2024\/04\/6-768x512.jpg 768w, https:\/\/easyhomeworkouts.com\/wp-content\/uploads\/2024\/04\/6-60x40.jpg 60w, https:\/\/easyhomeworkouts.com\/wp-content\/uploads\/2024\/04\/6-110x73.jpg 110w, https:\/\/easyhomeworkouts.com\/wp-content\/uploads\/2024\/04\/6-600x400.jpg 600w, https:\/\/easyhomeworkouts.com\/wp-content\/uploads\/2024\/04\/6.jpg 1000w\" sizes=\"(max-width: 300px) 100vw, 300px\" \/><\/div>\n\t\t<\/a>\n\t\t\t\t<div class=\"elementor-post__text\">\n\t\t\t\t<h3 class=\"elementor-post__title\">\n\t\t\t<a href=\"https:\/\/easyhomeworkouts.com\/fi\/5-tasmavinkkia-joilla-saavutat-kiintean-vartalon\/\" >\n\t\t\t\t5 t\u00e4sm\u00e4vinkki\u00e4, joilla saavutat kiinte\u00e4n vartalon\t\t\t<\/a>\n\t\t<\/h3>\n\t\t\t\t<div class=\"elementor-post__excerpt\">\n\t\t\t<p>Oletko koskaan miettinyt, miten kiinteytyminen oikein tapahtuu? V\u00e4h\u00e4n kaikkea on tullut kokeiltua, mutta oikein mik\u00e4\u00e4n ei ole toiminut?<\/p>\n<p>Kiinteytyminen ei ole pelkki\u00e4 taikatemppua tai salaisia smoothie-reseptej\u00e4. T\u00e4ss\u00e4 tulee muutama vinkki, jotka auttavat sinua p\u00e4\u00e4sem\u00e4\u00e4n tavoitteeseesi.<\/p>\n\t\t<\/div>\n\t\t\n\t\t<a class=\"elementor-post__read-more\" href=\"https:\/\/easyhomeworkouts.com\/fi\/5-tasmavinkkia-joilla-saavutat-kiintean-vartalon\/\" aria-label=\"Read more about 5 t\u00e4sm\u00e4vinkki\u00e4, joilla saavutat kiinte\u00e4n vartalon\" tabindex=\"-1\" >\n\t\t\tLue lis\u00e4\u00e4 &gt;\t\t<\/a>\n\n\t\t\t\t<\/div>\n\t\t\t\t<\/article>\n\t\t\t\t<article class=\"elementor-post elementor-grid-item post-7955 post type-post status-publish format-standard has-post-thumbnail hentry category-pilates\">\n\t\t\t\t<a class=\"elementor-post__thumbnail__link\" href=\"https:\/\/easyhomeworkouts.com\/fi\/kuinka-nopeasti-pilatestreenin-tulokset-nakyvat\/\" tabindex=\"-1\" >\n\t\t\t<div class=\"elementor-post__thumbnail\"><img loading=\"lazy\" decoding=\"async\" width=\"300\" height=\"200\" src=\"https:\/\/easyhomeworkouts.com\/wp-content\/uploads\/2024\/04\/7-300x200.jpg\" class=\"attachment-medium size-medium wp-image-8188\" alt=\"\" srcset=\"https:\/\/easyhomeworkouts.com\/wp-content\/uploads\/2024\/04\/7-300x200.jpg 300w, https:\/\/easyhomeworkouts.com\/wp-content\/uploads\/2024\/04\/7-768x512.jpg 768w, https:\/\/easyhomeworkouts.com\/wp-content\/uploads\/2024\/04\/7-60x40.jpg 60w, https:\/\/easyhomeworkouts.com\/wp-content\/uploads\/2024\/04\/7-110x73.jpg 110w, https:\/\/easyhomeworkouts.com\/wp-content\/uploads\/2024\/04\/7-600x400.jpg 600w, https:\/\/easyhomeworkouts.com\/wp-content\/uploads\/2024\/04\/7.jpg 1000w\" sizes=\"(max-width: 300px) 100vw, 300px\" \/><\/div>\n\t\t<\/a>\n\t\t\t\t<div class=\"elementor-post__text\">\n\t\t\t\t<h3 class=\"elementor-post__title\">\n\t\t\t<a href=\"https:\/\/easyhomeworkouts.com\/fi\/kuinka-nopeasti-pilatestreenin-tulokset-nakyvat\/\" >\n\t\t\t\tKuinka nopeasti pilatestreenin tulokset n\u00e4kyv\u00e4t?\t\t\t<\/a>\n\t\t<\/h3>\n\t\t\t\t<div class=\"elementor-post__excerpt\">\n\t\t\t<p>Oletko miettinyt pilateksen aloittamista, mutta ep\u00e4r\u00f6inyt, koska et tied\u00e4, milloin tulokset alkavat n\u00e4ky\u00e4 ja millaisia tuloksia sill\u00e4 saa?<\/p>\n<p>No, olet tullut oikeaan paikkaan. K\u00e4yd\u00e4\u00e4n l\u00e4pi, mit\u00e4 voit odottaa ja milloin.<\/p>\n\t\t<\/div>\n\t\t\n\t\t<a class=\"elementor-post__read-more\" href=\"https:\/\/easyhomeworkouts.com\/fi\/kuinka-nopeasti-pilatestreenin-tulokset-nakyvat\/\" aria-label=\"Read more about Kuinka nopeasti pilatestreenin tulokset n\u00e4kyv\u00e4t?\" tabindex=\"-1\" >\n\t\t\tLue lis\u00e4\u00e4 &gt;\t\t<\/a>\n\n\t\t\t\t<\/div>\n\t\t\t\t<\/article>\n\t\t\t\t<article class=\"elementor-post elementor-grid-item post-7991 post type-post status-publish format-standard has-post-thumbnail hentry category-pilates\">\n\t\t\t\t<a class=\"elementor-post__thumbnail__link\" href=\"https:\/\/easyhomeworkouts.com\/fi\/5-tehokkainta-treenimuotoa-kiinteytymiseen\/\" tabindex=\"-1\" >\n\t\t\t<div class=\"elementor-post__thumbnail\"><img loading=\"lazy\" decoding=\"async\" width=\"300\" height=\"200\" src=\"https:\/\/easyhomeworkouts.com\/wp-content\/uploads\/2024\/04\/5-300x200.jpg\" class=\"attachment-medium size-medium wp-image-8184\" alt=\"\" srcset=\"https:\/\/easyhomeworkouts.com\/wp-content\/uploads\/2024\/04\/5-300x200.jpg 300w, https:\/\/easyhomeworkouts.com\/wp-content\/uploads\/2024\/04\/5-768x512.jpg 768w, https:\/\/easyhomeworkouts.com\/wp-content\/uploads\/2024\/04\/5-60x40.jpg 60w, https:\/\/easyhomeworkouts.com\/wp-content\/uploads\/2024\/04\/5-110x73.jpg 110w, https:\/\/easyhomeworkouts.com\/wp-content\/uploads\/2024\/04\/5-600x400.jpg 600w, https:\/\/easyhomeworkouts.com\/wp-content\/uploads\/2024\/04\/5.jpg 1000w\" sizes=\"(max-width: 300px) 100vw, 300px\" \/><\/div>\n\t\t<\/a>\n\t\t\t\t<div class=\"elementor-post__text\">\n\t\t\t\t<h3 class=\"elementor-post__title\">\n\t\t\t<a href=\"https:\/\/easyhomeworkouts.com\/fi\/5-tehokkainta-treenimuotoa-kiinteytymiseen\/\" >\n\t\t\t\t5 tehokkainta treenimuotoa kiinteytymiseen\t\t\t<\/a>\n\t\t<\/h3>\n\t\t\t\t<div class=\"elementor-post__excerpt\">\n\t\t\t<p>Oletko miettinyt, miten kiinteytyminen tapahtuu ja millaista treeni\u00e4 sinun kannattaisi tehd\u00e4, jotta kiinteytyisit mahdollisimman tehokkaasti? Ehk\u00e4 olet jo kokeillut monenlaista, mutta sit\u00e4 omaa juttua ei ole viel\u00e4 l\u00f6ytynyt?<\/p>\n<p>Kiinteytymisess\u00e4, kuten kaikessa muussakin liikunnassa, t\u00e4rkeint\u00e4 on l\u00f6yt\u00e4\u00e4 se itselle sopivin laji.<\/p>\n<p>Lue eteenp\u00e4in, niin esittelemme viisi tehokkainta treenimuotoa kiinteytymiseen! Joku n\u00e4ist\u00e4 voi olla uusi suosikkisi.<\/p>\n\t\t<\/div>\n\t\t\n\t\t<a class=\"elementor-post__read-more\" href=\"https:\/\/easyhomeworkouts.com\/fi\/5-tehokkainta-treenimuotoa-kiinteytymiseen\/\" aria-label=\"Read more about 5 tehokkainta treenimuotoa kiinteytymiseen\" tabindex=\"-1\" >\n\t\t\tLue lis\u00e4\u00e4 &gt;\t\t<\/a>\n\n\t\t\t\t<\/div>\n\t\t\t\t<\/article>\n\t\t\t\t<article class=\"elementor-post elementor-grid-item post-7796 post type-post status-publish format-standard has-post-thumbnail hentry category-pilates\">\n\t\t\t\t<a class=\"elementor-post__thumbnail__link\" href=\"https:\/\/easyhomeworkouts.com\/fi\/oletko-jo-kokeillut-tata-salaista-asetta-kiinteampaan-kroppaan\/\" tabindex=\"-1\" >\n\t\t\t<div class=\"elementor-post__thumbnail\"><img loading=\"lazy\" decoding=\"async\" width=\"300\" height=\"200\" src=\"https:\/\/easyhomeworkouts.com\/wp-content\/uploads\/2024\/04\/1-300x200.jpg\" class=\"attachment-medium size-medium wp-image-8176\" alt=\"\" srcset=\"https:\/\/easyhomeworkouts.com\/wp-content\/uploads\/2024\/04\/1-300x200.jpg 300w, https:\/\/easyhomeworkouts.com\/wp-content\/uploads\/2024\/04\/1-768x512.jpg 768w, https:\/\/easyhomeworkouts.com\/wp-content\/uploads\/2024\/04\/1-60x40.jpg 60w, https:\/\/easyhomeworkouts.com\/wp-content\/uploads\/2024\/04\/1-110x73.jpg 110w, https:\/\/easyhomeworkouts.com\/wp-content\/uploads\/2024\/04\/1-600x400.jpg 600w, https:\/\/easyhomeworkouts.com\/wp-content\/uploads\/2024\/04\/1.jpg 1000w\" sizes=\"(max-width: 300px) 100vw, 300px\" \/><\/div>\n\t\t<\/a>\n\t\t\t\t<div class=\"elementor-post__text\">\n\t\t\t\t<h3 class=\"elementor-post__title\">\n\t\t\t<a href=\"https:\/\/easyhomeworkouts.com\/fi\/oletko-jo-kokeillut-tata-salaista-asetta-kiinteampaan-kroppaan\/\" >\n\t\t\t\tOletko jo kokeillut t\u00e4t\u00e4 salaista asetta kiinte\u00e4mp\u00e4\u00e4n kroppaan?\t\t\t<\/a>\n\t\t<\/h3>\n\t\t\t\t<div class=\"elementor-post__excerpt\">\n\t\t\t<p>On olemassa treenimuoto, joka saa jatkuvasti uusia faneja ja ihan syyst\u00e4.<\/p>\n<p>Se treenimuoto on pilates.<\/p>\n<p>T\u00e4ss\u00e4 artikkelissa kerromme viisi syyt\u00e4, miksi pilates saattaa olla se salainen aseesi, jos haluat kiinte\u00e4mm\u00e4n kropan.<\/p>\n\t\t<\/div>\n\t\t\n\t\t<a class=\"elementor-post__read-more\" href=\"https:\/\/easyhomeworkouts.com\/fi\/oletko-jo-kokeillut-tata-salaista-asetta-kiinteampaan-kroppaan\/\" aria-label=\"Read more about Oletko jo kokeillut t\u00e4t\u00e4 salaista asetta kiinte\u00e4mp\u00e4\u00e4n kroppaan?\" tabindex=\"-1\" >\n\t\t\tLue lis\u00e4\u00e4 &gt;\t\t<\/a>\n\n\t\t\t\t<\/div>\n\t\t\t\t<\/article>\n\t\t\t\t<article class=\"elementor-post elementor-grid-item post-7940 post type-post status-publish format-standard has-post-thumbnail hentry category-pilates\">\n\t\t\t\t<a class=\"elementor-post__thumbnail__link\" href=\"https:\/\/easyhomeworkouts.com\/fi\/mita-pilates-on-mihin-se-tehoaa-ja-kenelle-se-sopii\/\" tabindex=\"-1\" >\n\t\t\t<div class=\"elementor-post__thumbnail\"><img loading=\"lazy\" decoding=\"async\" width=\"300\" height=\"200\" src=\"https:\/\/easyhomeworkouts.com\/wp-content\/uploads\/2024\/04\/4-300x200.jpg\" class=\"attachment-medium size-medium wp-image-8182\" alt=\"\" srcset=\"https:\/\/easyhomeworkouts.com\/wp-content\/uploads\/2024\/04\/4-300x200.jpg 300w, https:\/\/easyhomeworkouts.com\/wp-content\/uploads\/2024\/04\/4-768x512.jpg 768w, https:\/\/easyhomeworkouts.com\/wp-content\/uploads\/2024\/04\/4-60x40.jpg 60w, https:\/\/easyhomeworkouts.com\/wp-content\/uploads\/2024\/04\/4-110x73.jpg 110w, https:\/\/easyhomeworkouts.com\/wp-content\/uploads\/2024\/04\/4-600x400.jpg 600w, https:\/\/easyhomeworkouts.com\/wp-content\/uploads\/2024\/04\/4.jpg 1000w\" sizes=\"(max-width: 300px) 100vw, 300px\" \/><\/div>\n\t\t<\/a>\n\t\t\t\t<div class=\"elementor-post__text\">\n\t\t\t\t<h3 class=\"elementor-post__title\">\n\t\t\t<a href=\"https:\/\/easyhomeworkouts.com\/fi\/mita-pilates-on-mihin-se-tehoaa-ja-kenelle-se-sopii\/\" >\n\t\t\t\tMit\u00e4 pilates on, mihin se tehoaa ja kenelle se sopii?\t\t\t<\/a>\n\t\t<\/h3>\n\t\t\t\t<div class=\"elementor-post__excerpt\">\n\t\t\t<p>Oletko kuullut pilateksesta, mutta et ole ihan varma, mist\u00e4 siin\u00e4 on kyse?<\/p>\n<p>Ei h\u00e4t\u00e4\u00e4, olet tullut oikeaan paikkaan!<\/p>\n<p>T\u00e4ss\u00e4 artikkelissa k\u00e4ymme l\u00e4pi, mit\u00e4 pilates oikein on ja miksi se saattaisi olla juuri se juttu, jota olet kaivannut el\u00e4m\u00e4\u00e4si.<\/p>\n\t\t<\/div>\n\t\t\n\t\t<a class=\"elementor-post__read-more\" href=\"https:\/\/easyhomeworkouts.com\/fi\/mita-pilates-on-mihin-se-tehoaa-ja-kenelle-se-sopii\/\" aria-label=\"Read more about Mit\u00e4 pilates on, mihin se tehoaa ja kenelle se sopii?\" tabindex=\"-1\" >\n\t\t\tLue lis\u00e4\u00e4 &gt;\t\t<\/a>\n\n\t\t\t\t<\/div>\n\t\t\t\t<\/article>\n\t\t\t\t<\/div>\n\t\t\t\t\t<span class=\"e-load-more-spinner\">\n\t\t\t\t<i aria-hidden=\"true\" class=\"fas fa-spinner\"><\/i>\t\t\t<\/span>\n\t\t\n\t\t\t\t<\/div>\n\t\t\t\t<\/div>\n\t\t\t\t\t<\/div>\n\t\t\t\t<\/div>\n\t\t\t\t<\/div>\n\t\t","protected":false},"excerpt":{"rendered":"<p>Blogi<\/p>\n","protected":false},"author":6,"featured_media":0,"parent":0,"menu_order":0,"comment_status":"closed","ping_status":"closed","template":"","meta":{"footnotes":""},"class_list":["post-7479","page","type-page","status-publish","hentry"],"aioseo_notices":[],"_links":{"self":[{"href":"https:\/\/easyhomeworkouts.com\/fi\/wp-json\/wp\/v2\/pages\/7479","targetHints":{"allow":["GET"]}}],"collection":[{"href":"https:\/\/easyhomeworkouts.com\/fi\/wp-json\/wp\/v2\/pages"}],"about":[{"href":"https:\/\/easyhomeworkouts.com\/fi\/wp-json\/wp\/v2\/types\/page"}],"author":[{"embeddable":true,"href":"https:\/\/easyhomeworkouts.com\/fi\/wp-json\/wp\/v2\/users\/6"}],"replies":[{"embeddable":true,"href":"https:\/\/easyhomeworkouts.com\/fi\/wp-json\/wp\/v2\/comments?post=7479"}],"version-history":[{"count":0,"href":"https:\/\/easyhomeworkouts.com\/fi\/wp-json\/wp\/v2\/pages\/7479\/revisions"}],"wp:attachment":[{"href":"https:\/\/easyhomeworkouts.com\/fi\/wp-json\/wp\/v2\/media?parent=7479"}],"curies":[{"name":"wp","href":"https:\/\/api.w.org\/{rel}","templated":true}]}}