{"id":11203,"date":"2024-04-08T08:30:03","date_gmt":"2024-04-08T08:30:03","guid":{"rendered":"https:\/\/easyhomeworkouts.com\/blogg\/"},"modified":"2024-05-06T06:34:29","modified_gmt":"2024-05-06T06:34:29","slug":"blogg","status":"publish","type":"page","link":"https:\/\/easyhomeworkouts.com\/sv\/blogg\/","title":{"rendered":"Blogg"},"content":{"rendered":"\t\t<div data-elementor-type=\"wp-page\" data-elementor-id=\"11203\" class=\"elementor elementor-11203 elementor-7479\" data-elementor-post-type=\"page\">\n\t\t\t\t<div class=\"elementor-element elementor-element-d3f896c e-flex e-con-boxed e-con e-parent\" data-id=\"d3f896c\" data-element_type=\"container\" data-settings=\"{&quot;background_background&quot;:&quot;classic&quot;}\">\n\t\t\t\t\t<div class=\"e-con-inner\">\n\t\t<div class=\"elementor-element elementor-element-e159276 e-con-full e-flex e-con e-child\" data-id=\"e159276\" data-element_type=\"container\">\n\t\t\t\t<div class=\"elementor-element elementor-element-791e809 elementor-widget elementor-widget-heading\" data-id=\"791e809\" data-element_type=\"widget\" data-widget_type=\"heading.default\">\n\t\t\t\t<div class=\"elementor-widget-container\">\n\t\t\t<h1 class=\"elementor-heading-title elementor-size-medium\">Blogg<\/h1>\t\t<\/div>\n\t\t\t\t<\/div>\n\t\t\t\t<\/div>\n\t\t<div class=\"elementor-element elementor-element-6be29be e-con-full e-flex e-con e-child\" data-id=\"6be29be\" data-element_type=\"container\">\n\t\t\t\t<div class=\"elementor-element elementor-element-74563a6 elementor-grid-1 elementor-grid-tablet-1 elementor-grid-mobile-1 elementor-posts--thumbnail-top elementor-widget elementor-widget-posts\" data-id=\"74563a6\" data-element_type=\"widget\" data-settings=\"{&quot;classic_columns&quot;:&quot;1&quot;,&quot;classic_columns_tablet&quot;:&quot;1&quot;,&quot;classic_columns_mobile&quot;:&quot;1&quot;,&quot;classic_row_gap&quot;:{&quot;unit&quot;:&quot;px&quot;,&quot;size&quot;:35,&quot;sizes&quot;:[]},&quot;classic_row_gap_tablet&quot;:{&quot;unit&quot;:&quot;px&quot;,&quot;size&quot;:&quot;&quot;,&quot;sizes&quot;:[]},&quot;classic_row_gap_mobile&quot;:{&quot;unit&quot;:&quot;px&quot;,&quot;size&quot;:&quot;&quot;,&quot;sizes&quot;:[]}}\" data-widget_type=\"posts.classic\">\n\t\t\t\t<div class=\"elementor-widget-container\">\n\t\t\t\t\t<div class=\"elementor-posts-container elementor-posts elementor-posts--skin-classic elementor-grid\">\n\t\t\t\t<article class=\"elementor-post elementor-grid-item post-8041 post type-post status-publish format-standard has-post-thumbnail hentry category-pilates-sv\">\n\t\t\t\t<a class=\"elementor-post__thumbnail__link\" href=\"https:\/\/easyhomeworkouts.com\/sv\/5-anledningar-till-varfor-pilates-kan-fungera-for-dig-aven-om-andra-traningsformer-inte-gor-det\/\" tabindex=\"-1\" >\n\t\t\t<div class=\"elementor-post__thumbnail\"><img fetchpriority=\"high\" decoding=\"async\" width=\"300\" height=\"200\" src=\"https:\/\/easyhomeworkouts.com\/wp-content\/uploads\/2024\/04\/2-2-300x200.jpg\" class=\"attachment-medium size-medium wp-image-8505\" alt=\"\" srcset=\"https:\/\/easyhomeworkouts.com\/wp-content\/uploads\/2024\/04\/2-2-300x200.jpg 300w, https:\/\/easyhomeworkouts.com\/wp-content\/uploads\/2024\/04\/2-2-768x512.jpg 768w, https:\/\/easyhomeworkouts.com\/wp-content\/uploads\/2024\/04\/2-2-60x40.jpg 60w, https:\/\/easyhomeworkouts.com\/wp-content\/uploads\/2024\/04\/2-2-110x73.jpg 110w, https:\/\/easyhomeworkouts.com\/wp-content\/uploads\/2024\/04\/2-2-600x400.jpg 600w, https:\/\/easyhomeworkouts.com\/wp-content\/uploads\/2024\/04\/2-2.jpg 1000w\" sizes=\"(max-width: 300px) 100vw, 300px\" \/><\/div>\n\t\t<\/a>\n\t\t\t\t<div class=\"elementor-post__text\">\n\t\t\t\t<h3 class=\"elementor-post__title\">\n\t\t\t<a href=\"https:\/\/easyhomeworkouts.com\/sv\/5-anledningar-till-varfor-pilates-kan-fungera-for-dig-aven-om-andra-traningsformer-inte-gor-det\/\" >\n\t\t\t\t5 anledningar till varf\u00f6r pilates kan fungera f\u00f6r dig \u00e4ven om andra tr\u00e4ningsformer inte g\u00f6r det\t\t\t<\/a>\n\t\t<\/h3>\n\t\t\t\t<div class=\"elementor-post__excerpt\">\n\t\t\t<p>Har du provat allt fr\u00e5n gym till l\u00f6pning, men inte f\u00e5tt de resultat du \u00f6nskat?<\/p>\n<p>Oroa dig inte, pilates kan vara precis det du har letat efter.<\/p>\n<p>H\u00e4r \u00e4r fem anledningar till varf\u00f6r pilates kan vara din grej.<\/p>\n\t\t<\/div>\n\t\t\n\t\t<a class=\"elementor-post__read-more\" href=\"https:\/\/easyhomeworkouts.com\/sv\/5-anledningar-till-varfor-pilates-kan-fungera-for-dig-aven-om-andra-traningsformer-inte-gor-det\/\" aria-label=\"L\u00e4s mer om 5 anledningar till varf\u00f6r pilates kan fungera f\u00f6r dig \u00e4ven om andra tr\u00e4ningsformer inte g\u00f6r det\" tabindex=\"-1\" >\n\t\t\tL\u00e4s mer om detta &gt;\t\t<\/a>\n\n\t\t\t\t<\/div>\n\t\t\t\t<\/article>\n\t\t\t\t<\/div>\n\t\t\n\t\t\t\t<\/div>\n\t\t\t\t<\/div>\n\t\t\t\t<\/div>\n\t\t\t\t\t<\/div>\n\t\t\t\t<\/div>\n\t\t<div class=\"elementor-element elementor-element-dec0ebf e-flex e-con-boxed e-con e-parent\" data-id=\"dec0ebf\" data-element_type=\"container\" data-settings=\"{&quot;background_background&quot;:&quot;classic&quot;}\">\n\t\t\t\t\t<div class=\"e-con-inner\">\n\t\t\t\t<div class=\"elementor-element elementor-element-54e71ab elementor-grid-3 elementor-grid-tablet-2 elementor-grid-mobile-1 elementor-posts--thumbnail-top load-more-align-center elementor-widget elementor-widget-posts\" data-id=\"54e71ab\" data-element_type=\"widget\" data-settings=\"{&quot;pagination_type&quot;:&quot;load_more_on_click&quot;,&quot;classic_columns&quot;:&quot;3&quot;,&quot;classic_columns_tablet&quot;:&quot;2&quot;,&quot;classic_columns_mobile&quot;:&quot;1&quot;,&quot;classic_row_gap&quot;:{&quot;unit&quot;:&quot;px&quot;,&quot;size&quot;:35,&quot;sizes&quot;:[]},&quot;classic_row_gap_tablet&quot;:{&quot;unit&quot;:&quot;px&quot;,&quot;size&quot;:&quot;&quot;,&quot;sizes&quot;:[]},&quot;classic_row_gap_mobile&quot;:{&quot;unit&quot;:&quot;px&quot;,&quot;size&quot;:&quot;&quot;,&quot;sizes&quot;:[]},&quot;load_more_spinner&quot;:{&quot;value&quot;:&quot;fas fa-spinner&quot;,&quot;library&quot;:&quot;fa-solid&quot;}}\" data-widget_type=\"posts.classic\">\n\t\t\t\t<div class=\"elementor-widget-container\">\n\t\t\t\t\t<div class=\"elementor-posts-container elementor-posts elementor-posts--skin-classic elementor-grid\">\n\t\t\t\t<article class=\"elementor-post elementor-grid-item post-8041 post type-post status-publish format-standard has-post-thumbnail hentry category-pilates-sv\">\n\t\t\t\t<a class=\"elementor-post__thumbnail__link\" href=\"https:\/\/easyhomeworkouts.com\/sv\/5-anledningar-till-varfor-pilates-kan-fungera-for-dig-aven-om-andra-traningsformer-inte-gor-det\/\" tabindex=\"-1\" >\n\t\t\t<div class=\"elementor-post__thumbnail\"><img fetchpriority=\"high\" decoding=\"async\" width=\"300\" height=\"200\" src=\"https:\/\/easyhomeworkouts.com\/wp-content\/uploads\/2024\/04\/2-2-300x200.jpg\" class=\"attachment-medium size-medium wp-image-8505\" alt=\"\" srcset=\"https:\/\/easyhomeworkouts.com\/wp-content\/uploads\/2024\/04\/2-2-300x200.jpg 300w, https:\/\/easyhomeworkouts.com\/wp-content\/uploads\/2024\/04\/2-2-768x512.jpg 768w, https:\/\/easyhomeworkouts.com\/wp-content\/uploads\/2024\/04\/2-2-60x40.jpg 60w, https:\/\/easyhomeworkouts.com\/wp-content\/uploads\/2024\/04\/2-2-110x73.jpg 110w, https:\/\/easyhomeworkouts.com\/wp-content\/uploads\/2024\/04\/2-2-600x400.jpg 600w, https:\/\/easyhomeworkouts.com\/wp-content\/uploads\/2024\/04\/2-2.jpg 1000w\" sizes=\"(max-width: 300px) 100vw, 300px\" \/><\/div>\n\t\t<\/a>\n\t\t\t\t<div class=\"elementor-post__text\">\n\t\t\t\t<h3 class=\"elementor-post__title\">\n\t\t\t<a href=\"https:\/\/easyhomeworkouts.com\/sv\/5-anledningar-till-varfor-pilates-kan-fungera-for-dig-aven-om-andra-traningsformer-inte-gor-det\/\" >\n\t\t\t\t5 anledningar till varf\u00f6r pilates kan fungera f\u00f6r dig \u00e4ven om andra tr\u00e4ningsformer inte g\u00f6r det\t\t\t<\/a>\n\t\t<\/h3>\n\t\t\t\t<div class=\"elementor-post__excerpt\">\n\t\t\t<p>Har du provat allt fr\u00e5n gym till l\u00f6pning, men inte f\u00e5tt de resultat du \u00f6nskat?<\/p>\n<p>Oroa dig inte, pilates kan vara precis det du har letat efter.<\/p>\n<p>H\u00e4r \u00e4r fem anledningar till varf\u00f6r pilates kan vara din grej.<\/p>\n\t\t<\/div>\n\t\t\n\t\t<a class=\"elementor-post__read-more\" href=\"https:\/\/easyhomeworkouts.com\/sv\/5-anledningar-till-varfor-pilates-kan-fungera-for-dig-aven-om-andra-traningsformer-inte-gor-det\/\" aria-label=\"L\u00e4s mer om 5 anledningar till varf\u00f6r pilates kan fungera f\u00f6r dig \u00e4ven om andra tr\u00e4ningsformer inte g\u00f6r det\" tabindex=\"-1\" >\n\t\t\tL\u00e4s mer om detta &gt;\t\t<\/a>\n\n\t\t\t\t<\/div>\n\t\t\t\t<\/article>\n\t\t\t\t<article class=\"elementor-post elementor-grid-item post-8276 post type-post status-publish format-standard has-post-thumbnail hentry category-pilates-sv\">\n\t\t\t\t<a class=\"elementor-post__thumbnail__link\" href=\"https:\/\/easyhomeworkouts.com\/sv\/varfor-gar-inte-vikten-ner-den-ovantade-orsaken-kan-hittas-i-din-traning\/\" tabindex=\"-1\" >\n\t\t\t<div class=\"elementor-post__thumbnail\"><img decoding=\"async\" width=\"300\" height=\"200\" src=\"https:\/\/easyhomeworkouts.com\/wp-content\/uploads\/2024\/04\/3-300x200.jpg\" class=\"attachment-medium size-medium wp-image-8181\" alt=\"\" srcset=\"https:\/\/easyhomeworkouts.com\/wp-content\/uploads\/2024\/04\/3-300x200.jpg 300w, https:\/\/easyhomeworkouts.com\/wp-content\/uploads\/2024\/04\/3-768x512.jpg 768w, https:\/\/easyhomeworkouts.com\/wp-content\/uploads\/2024\/04\/3-60x40.jpg 60w, https:\/\/easyhomeworkouts.com\/wp-content\/uploads\/2024\/04\/3-110x73.jpg 110w, https:\/\/easyhomeworkouts.com\/wp-content\/uploads\/2024\/04\/3-600x400.jpg 600w, https:\/\/easyhomeworkouts.com\/wp-content\/uploads\/2024\/04\/3.jpg 1000w\" sizes=\"(max-width: 300px) 100vw, 300px\" \/><\/div>\n\t\t<\/a>\n\t\t\t\t<div class=\"elementor-post__text\">\n\t\t\t\t<h3 class=\"elementor-post__title\">\n\t\t\t<a href=\"https:\/\/easyhomeworkouts.com\/sv\/varfor-gar-inte-vikten-ner-den-ovantade-orsaken-kan-hittas-i-din-traning\/\" >\n\t\t\t\tVarf\u00f6r g\u00e5r inte vikten ner? Den ov\u00e4ntade orsaken kan hittas i din tr\u00e4ning\t\t\t<\/a>\n\t\t<\/h3>\n\t\t\t\t<div class=\"elementor-post__excerpt\">\n\t\t\t<p>Har du k\u00e4mpat p\u00e5 gymmet och undrat varf\u00f6r v\u00e5gen inte visar l\u00e4gre siffror? \u00d6verraskande nog kan din h\u00e5rda tr\u00e4ning vara orsaken till varf\u00f6r din vikt inte g\u00e5r ner.<\/p>\n<p>Det l\u00e5ter galet, inte sant? Men l\u00e5t oss f\u00f6rklara.<\/p>\n\t\t<\/div>\n\t\t\n\t\t<a class=\"elementor-post__read-more\" href=\"https:\/\/easyhomeworkouts.com\/sv\/varfor-gar-inte-vikten-ner-den-ovantade-orsaken-kan-hittas-i-din-traning\/\" aria-label=\"L\u00e4s mer om Varf\u00f6r g\u00e5r inte vikten ner? Den ov\u00e4ntade orsaken kan hittas i din tr\u00e4ning\" tabindex=\"-1\" >\n\t\t\tL\u00e4s mer om detta &gt;\t\t<\/a>\n\n\t\t\t\t<\/div>\n\t\t\t\t<\/article>\n\t\t\t\t<article class=\"elementor-post elementor-grid-item post-8372 post type-post status-publish format-standard has-post-thumbnail hentry category-pilates-sv\">\n\t\t\t\t<a class=\"elementor-post__thumbnail__link\" href=\"https:\/\/easyhomeworkouts.com\/sv\/5-konkreta-tips-for-en-mer-tonad-kropp\/\" tabindex=\"-1\" >\n\t\t\t<div class=\"elementor-post__thumbnail\"><img decoding=\"async\" width=\"300\" height=\"200\" src=\"https:\/\/easyhomeworkouts.com\/wp-content\/uploads\/2024\/04\/6-2-300x200.jpg\" class=\"attachment-medium size-medium wp-image-8513\" alt=\"\" srcset=\"https:\/\/easyhomeworkouts.com\/wp-content\/uploads\/2024\/04\/6-2-300x200.jpg 300w, https:\/\/easyhomeworkouts.com\/wp-content\/uploads\/2024\/04\/6-2-768x512.jpg 768w, https:\/\/easyhomeworkouts.com\/wp-content\/uploads\/2024\/04\/6-2-60x40.jpg 60w, https:\/\/easyhomeworkouts.com\/wp-content\/uploads\/2024\/04\/6-2-110x73.jpg 110w, https:\/\/easyhomeworkouts.com\/wp-content\/uploads\/2024\/04\/6-2-600x400.jpg 600w, https:\/\/easyhomeworkouts.com\/wp-content\/uploads\/2024\/04\/6-2.jpg 1000w\" sizes=\"(max-width: 300px) 100vw, 300px\" \/><\/div>\n\t\t<\/a>\n\t\t\t\t<div class=\"elementor-post__text\">\n\t\t\t\t<h3 class=\"elementor-post__title\">\n\t\t\t<a href=\"https:\/\/easyhomeworkouts.com\/sv\/5-konkreta-tips-for-en-mer-tonad-kropp\/\" >\n\t\t\t\t5 konkreta tips f\u00f6r en mer tonad kropp\t\t\t<\/a>\n\t\t<\/h3>\n\t\t\t\t<div class=\"elementor-post__excerpt\">\n\t\t\t<p>Har du n\u00e5gonsin funderat p\u00e5 hur man egentligen f\u00e5r en mer tonad kropp? Du har kanske provat lite allt m\u00f6jligt, men inget har riktigt fungerat.<\/p>\n<p>Att f\u00e5 en mer tonad kropp handlar inte om magiska knep eller hemliga smoothie-recept. H\u00e4r \u00e4r n\u00e5gra tips som hj\u00e4lper dig att n\u00e5 ditt m\u00e5l.<\/p>\n\t\t<\/div>\n\t\t\n\t\t<a class=\"elementor-post__read-more\" href=\"https:\/\/easyhomeworkouts.com\/sv\/5-konkreta-tips-for-en-mer-tonad-kropp\/\" aria-label=\"L\u00e4s mer om 5 konkreta tips f\u00f6r en mer tonad kropp\" tabindex=\"-1\" >\n\t\t\tL\u00e4s mer om detta &gt;\t\t<\/a>\n\n\t\t\t\t<\/div>\n\t\t\t\t<\/article>\n\t\t\t\t<article class=\"elementor-post elementor-grid-item post-8412 post type-post status-publish format-standard has-post-thumbnail hentry category-pilates-sv\">\n\t\t\t\t<a class=\"elementor-post__thumbnail__link\" href=\"https:\/\/easyhomeworkouts.com\/sv\/hur-snabbt-ser-man-resultat-av-pilatestraning\/\" tabindex=\"-1\" >\n\t\t\t<div class=\"elementor-post__thumbnail\"><img loading=\"lazy\" decoding=\"async\" width=\"300\" height=\"200\" src=\"https:\/\/easyhomeworkouts.com\/wp-content\/uploads\/2024\/04\/7-2-300x200.jpg\" class=\"attachment-medium size-medium wp-image-8515\" alt=\"\" srcset=\"https:\/\/easyhomeworkouts.com\/wp-content\/uploads\/2024\/04\/7-2-300x200.jpg 300w, https:\/\/easyhomeworkouts.com\/wp-content\/uploads\/2024\/04\/7-2-768x512.jpg 768w, https:\/\/easyhomeworkouts.com\/wp-content\/uploads\/2024\/04\/7-2-60x40.jpg 60w, https:\/\/easyhomeworkouts.com\/wp-content\/uploads\/2024\/04\/7-2-110x73.jpg 110w, https:\/\/easyhomeworkouts.com\/wp-content\/uploads\/2024\/04\/7-2-600x400.jpg 600w, https:\/\/easyhomeworkouts.com\/wp-content\/uploads\/2024\/04\/7-2.jpg 1000w\" sizes=\"(max-width: 300px) 100vw, 300px\" \/><\/div>\n\t\t<\/a>\n\t\t\t\t<div class=\"elementor-post__text\">\n\t\t\t\t<h3 class=\"elementor-post__title\">\n\t\t\t<a href=\"https:\/\/easyhomeworkouts.com\/sv\/hur-snabbt-ser-man-resultat-av-pilatestraning\/\" >\n\t\t\t\tHur snabbt ser man resultat av pilatestr\u00e4ning?\t\t\t<\/a>\n\t\t<\/h3>\n\t\t\t\t<div class=\"elementor-post__excerpt\">\n\t\t\t<p>Har du funderat p\u00e5 att b\u00f6rja med pilates men tvekat eftersom du inte vet n\u00e4r resultaten b\u00f6rjar synas och hurdana resultat man f\u00e5r?<\/p>\n<p>D\u00e5 har du kommit till r\u00e4tt st\u00e4lle. L\u00e5t oss g\u00e5 igenom vad du kan f\u00f6rv\u00e4nta dig och n\u00e4r.<\/p>\n\t\t<\/div>\n\t\t\n\t\t<a class=\"elementor-post__read-more\" href=\"https:\/\/easyhomeworkouts.com\/sv\/hur-snabbt-ser-man-resultat-av-pilatestraning\/\" aria-label=\"L\u00e4s mer om Hur snabbt ser man resultat av pilatestr\u00e4ning?\" tabindex=\"-1\" >\n\t\t\tL\u00e4s mer om detta &gt;\t\t<\/a>\n\n\t\t\t\t<\/div>\n\t\t\t\t<\/article>\n\t\t\t\t<article class=\"elementor-post elementor-grid-item post-8330 post type-post status-publish format-standard has-post-thumbnail hentry category-pilates-sv\">\n\t\t\t\t<a class=\"elementor-post__thumbnail__link\" href=\"https:\/\/easyhomeworkouts.com\/sv\/5-mest-effektiva-traningsformerna-for-att-tona-kroppen\/\" tabindex=\"-1\" >\n\t\t\t<div class=\"elementor-post__thumbnail\"><img loading=\"lazy\" decoding=\"async\" width=\"300\" height=\"200\" src=\"https:\/\/easyhomeworkouts.com\/wp-content\/uploads\/2024\/04\/5-300x200.jpg\" class=\"attachment-medium size-medium wp-image-8185\" alt=\"\" srcset=\"https:\/\/easyhomeworkouts.com\/wp-content\/uploads\/2024\/04\/5-300x200.jpg 300w, https:\/\/easyhomeworkouts.com\/wp-content\/uploads\/2024\/04\/5-768x512.jpg 768w, https:\/\/easyhomeworkouts.com\/wp-content\/uploads\/2024\/04\/5-60x40.jpg 60w, https:\/\/easyhomeworkouts.com\/wp-content\/uploads\/2024\/04\/5-110x73.jpg 110w, https:\/\/easyhomeworkouts.com\/wp-content\/uploads\/2024\/04\/5-600x400.jpg 600w, https:\/\/easyhomeworkouts.com\/wp-content\/uploads\/2024\/04\/5.jpg 1000w\" sizes=\"(max-width: 300px) 100vw, 300px\" \/><\/div>\n\t\t<\/a>\n\t\t\t\t<div class=\"elementor-post__text\">\n\t\t\t\t<h3 class=\"elementor-post__title\">\n\t\t\t<a href=\"https:\/\/easyhomeworkouts.com\/sv\/5-mest-effektiva-traningsformerna-for-att-tona-kroppen\/\" >\n\t\t\t\t5 mest effektiva tr\u00e4ningsformerna f\u00f6r att tona kroppen\t\t\t<\/a>\n\t\t<\/h3>\n\t\t\t\t<div class=\"elementor-post__excerpt\">\n\t\t\t<p>Har du funderat p\u00e5 hur kroppen tonas och hurdan typ av tr\u00e4ning det l\u00f6nar sig att g\u00f6ra f\u00f6r b\u00e4sta m\u00f6jliga tonande effekt? Kanske du redan har testat flera olika s\u00e4tt men inte \u00e4nnu hittat just din grej?<\/p>\n<p>D\u00e5 det handlar om att tona kroppen, som med all annan typ av tr\u00e4ning, \u00e4r det viktigast att hitta den mest passande tr\u00e4ningsformen f\u00f6r en sj\u00e4lv.<\/p>\n<p>L\u00e4s vidare s\u00e5 presenterar vi de fem mest effektiva tr\u00e4ningsformerna f\u00f6r att tona kroppen! N\u00e5gon av dessa kan vara din nya favorit.<\/p>\n\t\t<\/div>\n\t\t\n\t\t<a class=\"elementor-post__read-more\" href=\"https:\/\/easyhomeworkouts.com\/sv\/5-mest-effektiva-traningsformerna-for-att-tona-kroppen\/\" aria-label=\"L\u00e4s mer om 5 mest effektiva tr\u00e4ningsformerna f\u00f6r att tona kroppen\" tabindex=\"-1\" >\n\t\t\tL\u00e4s mer om detta &gt;\t\t<\/a>\n\n\t\t\t\t<\/div>\n\t\t\t\t<\/article>\n\t\t\t\t<article class=\"elementor-post elementor-grid-item post-8282 post type-post status-publish format-standard has-post-thumbnail hentry category-pilates-sv\">\n\t\t\t\t<a class=\"elementor-post__thumbnail__link\" href=\"https:\/\/easyhomeworkouts.com\/sv\/har-du-redan-provat-det-har-hemliga-vapnet-for-en-mer-tonad-kropp\/\" tabindex=\"-1\" >\n\t\t\t<div class=\"elementor-post__thumbnail\"><img loading=\"lazy\" decoding=\"async\" width=\"300\" height=\"200\" src=\"https:\/\/easyhomeworkouts.com\/wp-content\/uploads\/2024\/04\/1-300x200.jpg\" class=\"attachment-medium size-medium wp-image-8177\" alt=\"\" srcset=\"https:\/\/easyhomeworkouts.com\/wp-content\/uploads\/2024\/04\/1-300x200.jpg 300w, https:\/\/easyhomeworkouts.com\/wp-content\/uploads\/2024\/04\/1-768x512.jpg 768w, https:\/\/easyhomeworkouts.com\/wp-content\/uploads\/2024\/04\/1-60x40.jpg 60w, https:\/\/easyhomeworkouts.com\/wp-content\/uploads\/2024\/04\/1-110x73.jpg 110w, https:\/\/easyhomeworkouts.com\/wp-content\/uploads\/2024\/04\/1-600x400.jpg 600w, https:\/\/easyhomeworkouts.com\/wp-content\/uploads\/2024\/04\/1.jpg 1000w\" sizes=\"(max-width: 300px) 100vw, 300px\" \/><\/div>\n\t\t<\/a>\n\t\t\t\t<div class=\"elementor-post__text\">\n\t\t\t\t<h3 class=\"elementor-post__title\">\n\t\t\t<a href=\"https:\/\/easyhomeworkouts.com\/sv\/har-du-redan-provat-det-har-hemliga-vapnet-for-en-mer-tonad-kropp\/\" >\n\t\t\t\tHar du redan provat det h\u00e4r hemliga vapnet f\u00f6r en mer tonad kropp?\t\t\t<\/a>\n\t\t<\/h3>\n\t\t\t\t<div class=\"elementor-post__excerpt\">\n\t\t\t<p>Det finns en tr\u00e4ningsform som st\u00e4ndigt lockar nya fans och med all r\u00e4tt.<\/p>\n<p>Tr\u00e4ningsformen \u00e4r pilates.<\/p>\n<p>T\u00e4ss\u00e4 artikkelissa kerromme I den h\u00e4r artikeln delar vi med oss av fem orsaker till varf\u00f6r pilates kanske \u00e4r ditt hemliga vapen om du vill ha en fastare kropp.<\/p>\n\t\t<\/div>\n\t\t\n\t\t<a class=\"elementor-post__read-more\" href=\"https:\/\/easyhomeworkouts.com\/sv\/har-du-redan-provat-det-har-hemliga-vapnet-for-en-mer-tonad-kropp\/\" aria-label=\"L\u00e4s mer om Har du redan provat det h\u00e4r hemliga vapnet f\u00f6r en mer tonad kropp?\" tabindex=\"-1\" >\n\t\t\tL\u00e4s mer om detta &gt;\t\t<\/a>\n\n\t\t\t\t<\/div>\n\t\t\t\t<\/article>\n\t\t\t\t<article class=\"elementor-post elementor-grid-item post-8268 post type-post status-publish format-standard has-post-thumbnail hentry category-pilates-sv\">\n\t\t\t\t<a class=\"elementor-post__thumbnail__link\" href=\"https:\/\/easyhomeworkouts.com\/sv\/vad-ar-pilates-vilka-ar-effekterna-och-vem-passar-det\/\" tabindex=\"-1\" >\n\t\t\t<div class=\"elementor-post__thumbnail\"><img loading=\"lazy\" decoding=\"async\" width=\"300\" height=\"200\" src=\"https:\/\/easyhomeworkouts.com\/wp-content\/uploads\/2024\/04\/4-2-300x200.jpg\" class=\"attachment-medium size-medium wp-image-8509\" alt=\"\" srcset=\"https:\/\/easyhomeworkouts.com\/wp-content\/uploads\/2024\/04\/4-2-300x200.jpg 300w, https:\/\/easyhomeworkouts.com\/wp-content\/uploads\/2024\/04\/4-2-768x512.jpg 768w, https:\/\/easyhomeworkouts.com\/wp-content\/uploads\/2024\/04\/4-2-60x40.jpg 60w, https:\/\/easyhomeworkouts.com\/wp-content\/uploads\/2024\/04\/4-2-110x73.jpg 110w, https:\/\/easyhomeworkouts.com\/wp-content\/uploads\/2024\/04\/4-2-600x400.jpg 600w, https:\/\/easyhomeworkouts.com\/wp-content\/uploads\/2024\/04\/4-2.jpg 1000w\" sizes=\"(max-width: 300px) 100vw, 300px\" \/><\/div>\n\t\t<\/a>\n\t\t\t\t<div class=\"elementor-post__text\">\n\t\t\t\t<h3 class=\"elementor-post__title\">\n\t\t\t<a href=\"https:\/\/easyhomeworkouts.com\/sv\/vad-ar-pilates-vilka-ar-effekterna-och-vem-passar-det\/\" >\n\t\t\t\tVad \u00e4r pilates, vilka \u00e4r effekterna och vem passar det?\t\t\t<\/a>\n\t\t<\/h3>\n\t\t\t\t<div class=\"elementor-post__excerpt\">\n\t\t\t<p>Har du h\u00f6rt talas om pilates, men \u00e4r inte riktigt s\u00e4ker p\u00e5 vad det handlar om?<\/p>\n<p>Ingen fara, du har kommit till r\u00e4tt st\u00e4lle!<\/p>\n<p>I den h\u00e4r artikeln g\u00e5r vi igenom vad pilates verkligen \u00e4r och varf\u00f6r det kanske \u00e4r precis det du saknat i ditt liv.<\/p>\n\t\t<\/div>\n\t\t\n\t\t<a class=\"elementor-post__read-more\" href=\"https:\/\/easyhomeworkouts.com\/sv\/vad-ar-pilates-vilka-ar-effekterna-och-vem-passar-det\/\" aria-label=\"L\u00e4s mer om Vad \u00e4r pilates, vilka \u00e4r effekterna och vem passar det?\" tabindex=\"-1\" >\n\t\t\tL\u00e4s mer om detta &gt;\t\t<\/a>\n\n\t\t\t\t<\/div>\n\t\t\t\t<\/article>\n\t\t\t\t<\/div>\n\t\t\t\t\t<span class=\"e-load-more-spinner\">\n\t\t\t\t<i aria-hidden=\"true\" class=\"fas fa-spinner\"><\/i>\t\t\t<\/span>\n\t\t\n\t\t\t\t<\/div>\n\t\t\t\t<\/div>\n\t\t\t\t\t<\/div>\n\t\t\t\t<\/div>\n\t\t\t\t<\/div>\n\t\t","protected":false},"excerpt":{"rendered":"<p>Blogg<\/p>\n","protected":false},"author":6,"featured_media":0,"parent":0,"menu_order":0,"comment_status":"closed","ping_status":"closed","template":"","meta":{"footnotes":""},"class_list":["post-11203","page","type-page","status-publish","hentry"],"aioseo_notices":[],"_links":{"self":[{"href":"https:\/\/easyhomeworkouts.com\/sv\/wp-json\/wp\/v2\/pages\/11203","targetHints":{"allow":["GET"]}}],"collection":[{"href":"https:\/\/easyhomeworkouts.com\/sv\/wp-json\/wp\/v2\/pages"}],"about":[{"href":"https:\/\/easyhomeworkouts.com\/sv\/wp-json\/wp\/v2\/types\/page"}],"author":[{"embeddable":true,"href":"https:\/\/easyhomeworkouts.com\/sv\/wp-json\/wp\/v2\/users\/6"}],"replies":[{"embeddable":true,"href":"https:\/\/easyhomeworkouts.com\/sv\/wp-json\/wp\/v2\/comments?post=11203"}],"version-history":[{"count":0,"href":"https:\/\/easyhomeworkouts.com\/sv\/wp-json\/wp\/v2\/pages\/11203\/revisions"}],"wp:attachment":[{"href":"https:\/\/easyhomeworkouts.com\/sv\/wp-json\/wp\/v2\/media?parent=11203"}],"curies":[{"name":"wp","href":"https:\/\/api.w.org\/{rel}","templated":true}]}}