{"id":1388,"date":"2023-08-17T06:12:59","date_gmt":"2023-08-17T06:12:59","guid":{"rendered":"https:\/\/easyhomeworkouts.com\/logga-in\/"},"modified":"2024-01-19T12:03:53","modified_gmt":"2024-01-19T12:03:53","slug":"logga-in","status":"publish","type":"page","link":"https:\/\/easyhomeworkouts.com\/sv\/logga-in\/","title":{"rendered":"Logga in"},"content":{"rendered":"\t\t<div data-elementor-type=\"wp-page\" data-elementor-id=\"1388\" class=\"elementor elementor-1388 elementor-355\" data-elementor-post-type=\"page\">\n\t\t\t\t<div class=\"elementor-element elementor-element-cd723b4 e-flex e-con-boxed e-con e-parent\" data-id=\"cd723b4\" data-element_type=\"container\" data-settings=\"{&quot;background_background&quot;:&quot;classic&quot;}\">\n\t\t\t\t\t<div class=\"e-con-inner\">\n\t\t<div class=\"elementor-element elementor-element-dae1293 e-con-full e-flex e-con e-child\" data-id=\"dae1293\" data-element_type=\"container\">\n\t\t\t\t<div class=\"elementor-element elementor-element-d2644c1 elementor-widget elementor-widget-heading\" data-id=\"d2644c1\" data-element_type=\"widget\" data-widget_type=\"heading.default\">\n\t\t\t\t<div class=\"elementor-widget-container\">\n\t\t\t<h1 class=\"elementor-heading-title elementor-size-default\">Logga in<\/h1>\t\t<\/div>\n\t\t\t\t<\/div>\n\t\t\t\t<div class=\"elementor-element elementor-element-914ce05 elementor-mobile-button-align-stretch elementor-widget elementor-widget-login\" data-id=\"914ce05\" data-element_type=\"widget\" data-widget_type=\"login.default\">\n\t\t\t\t<div class=\"elementor-widget-container\">\n\t\t\t\t\t<form class=\"elementor-login elementor-form\" method=\"post\" action=\"https:\/\/easyhomeworkouts.com\/sv\/wp-login.php\">\n\t\t\t<input type=\"hidden\" name=\"redirect_to\" value=\"https:\/\/easyhomeworkouts.com\/sv\/egna-kurser\/\">\n\t\t\t<div class=\"elementor-form-fields-wrapper\">\n\t\t\t\t<div class=\"elementor-field-type-text elementor-field-group elementor-column elementor-col-100 elementor-field-required\">\n\t\t\t\t\t<label for=\"user-914ce05\" class=\"elementor-field-label\"><\/label>\n\t\t\t\t\t<input size=\"1\" type=\"text\" name=\"log\" id=\"user-914ce05\" placeholder=\"Anv\u00e4ndarnamn\" class=\"elementor-field elementor-field-textual elementor-size-md\">\n\t\t\t\t<\/div>\n\t\t\t\t<div class=\"elementor-field-type-text elementor-field-group elementor-column elementor-col-100 elementor-field-required\">\n\t\t\t\t\t<label for=\"password-914ce05\" class=\"elementor-field-label\"><\/label>\n\t\t\t\t\t<input size=\"1\" type=\"password\" name=\"pwd\" id=\"password-914ce05\" placeholder=\"L\u00f6senord \" class=\"elementor-field elementor-field-textual elementor-size-md\">\n\t\t\t\t<\/div>\n\n\t\t\t\t\t\t\t\t\t<div class=\"elementor-field-type-checkbox elementor-field-group elementor-column elementor-col-100 elementor-remember-me\">\n\t\t\t\t\t\t<label for=\"elementor-login-remember-me\">\n\t\t\t\t\t\t\t<input type=\"checkbox\" id=\"elementor-login-remember-me\" name=\"rememberme\" value=\"forever\">\n\t\t\t\t\t\t\tKom ih\u00e5g mig\t\t\t\t\t\t<\/label>\n\t\t\t\t\t<\/div>\n\t\t\t\t\n\t\t\t\t<div class=\"elementor-field-group elementor-column elementor-field-type-submit elementor-col-100\">\n\t\t\t\t\t<button type=\"submit\" class=\"elementor-size-md elementor-button\" name=\"wp-submit\">\n\t\t\t\t\t\t\t\t\t\t\t\t\t\t\t<span class=\"elementor-button-text\">Logga in<\/span>\n\t\t\t\t\t\t\t\t\t\t\t\t<\/button>\n\t\t\t\t<\/div>\n\n\t\t\t\t\t\t\t\t\t<div class=\"elementor-field-group elementor-column elementor-col-100\">\n\t\t\t\t\t\t\t\t\t\t\t\t\t\t\t\t\t\t\t\t<a class=\"elementor-lost-password\" href=\"https:\/\/easyhomeworkouts.com\/sv\/mitt-konto\/lost-password\/\">\n\t\t\t\t\t\t\t\tGl\u00f6mt ditt l\u00f6senord?\t\t\t\t\t\t\t<\/a>\n\t\t\t\t\t\t\n\t\t\t\t\t\t\t\t\t\t\t<\/div>\n\t\t\t\t\t\t\t<\/div>\n\t\t<\/form>\n\t\t\t\t<\/div>\n\t\t\t\t<\/div>\n\t\t\t\t<\/div>\n\t\t<div class=\"elementor-element elementor-element-409fdfb e-con-full e-flex e-con e-child\" data-id=\"409fdfb\" data-element_type=\"container\">\n\t\t\t\t<\/div>\n\t\t\t\t\t<\/div>\n\t\t\t\t<\/div>\n\t\t<div class=\"elementor-element elementor-element-2d5d9a1 e-flex e-con-boxed e-con e-parent\" data-id=\"2d5d9a1\" data-element_type=\"container\">\n\t\t\t\t\t<div class=\"e-con-inner\">\n\t\t<div class=\"elementor-element elementor-element-1f56bf7 e-flex e-con-boxed e-con e-child\" data-id=\"1f56bf7\" data-element_type=\"container\" data-settings=\"{&quot;background_background&quot;:&quot;classic&quot;}\">\n\t\t\t\t\t<div class=\"e-con-inner\">\n\t\t<div class=\"elementor-element elementor-element-5e425d9 e-con-full e-flex e-con e-child\" data-id=\"5e425d9\" data-element_type=\"container\">\n\t\t\t\t<div class=\"elementor-element elementor-element-8ece899 elementor-widget elementor-widget-image\" data-id=\"8ece899\" data-element_type=\"widget\" data-widget_type=\"image.default\">\n\t\t\t\t<div class=\"elementor-widget-container\">\n\t\t\t\t\t\t\t\t\t\t\t\t\t<img fetchpriority=\"high\" decoding=\"async\" width=\"800\" height=\"534\" src=\"https:\/\/easyhomeworkouts.com\/wp-content\/uploads\/2023\/09\/pilates-instructor-victoria.jpg\" class=\"attachment-large size-large wp-image-617\" alt=\"\" srcset=\"https:\/\/easyhomeworkouts.com\/wp-content\/uploads\/2023\/09\/pilates-instructor-victoria.jpg 800w, https:\/\/easyhomeworkouts.com\/wp-content\/uploads\/2023\/09\/pilates-instructor-victoria-600x401.jpg 600w, https:\/\/easyhomeworkouts.com\/wp-content\/uploads\/2023\/09\/pilates-instructor-victoria-300x200.jpg 300w, https:\/\/easyhomeworkouts.com\/wp-content\/uploads\/2023\/09\/pilates-instructor-victoria-768x513.jpg 768w, https:\/\/easyhomeworkouts.com\/wp-content\/uploads\/2023\/09\/pilates-instructor-victoria-60x40.jpg 60w, https:\/\/easyhomeworkouts.com\/wp-content\/uploads\/2023\/09\/pilates-instructor-victoria-110x73.jpg 110w\" sizes=\"(max-width: 800px) 100vw, 800px\" \/>\t\t\t\t\t\t\t\t\t\t\t\t\t<\/div>\n\t\t\t\t<\/div>\n\t\t\t\t<\/div>\n\t\t<div class=\"elementor-element elementor-element-7960485 e-con-full e-flex e-con e-child\" data-id=\"7960485\" data-element_type=\"container\">\n\t\t\t\t<div class=\"elementor-element elementor-element-166e1e0 elementor-widget elementor-widget-heading\" data-id=\"166e1e0\" data-element_type=\"widget\" data-widget_type=\"heading.default\">\n\t\t\t\t<div class=\"elementor-widget-container\">\n\t\t\t<h2 class=\"elementor-heading-title elementor-size-default\">Tr\u00e4nar du inte med oss \u00e4n?<\/h2>\t\t<\/div>\n\t\t\t\t<\/div>\n\t\t\t\t<div class=\"elementor-element elementor-element-c595bd5 elementor-widget elementor-widget-text-editor\" data-id=\"c595bd5\" data-element_type=\"widget\" data-widget_type=\"text-editor.default\">\n\t\t\t\t<div class=\"elementor-widget-container\">\n\t\t\t\t\t\t\t<p>Genom att logga in f\u00e5r du tillg\u00e5ng till det tr\u00e4ningsprogram som du har best\u00e4llt. Om du inte redan har ett konto kan du bl\u00e4ddra bland v\u00e5ra program och best\u00e4lla det som du vill ha!<\/p>\n<p>Ditt anv\u00e4ndarkonto skapas automatiskt n\u00e4r du g\u00f6r din best\u00e4llning. Om du har gl\u00f6mt ditt l\u00f6senord eller inte kan logga in, v\u00e4nligen kontakta oss.<\/p>\n<p>Du hittar tr\u00e4ningsvideorna och materialet alltid genom att logga in p\u00e5 ditt konto. Du har tillg\u00e5ng till tr\u00e4ningsprogrammet f\u00f6r alltid, s\u00e5 kom tillbaka hit n\u00e4r som helst, d\u00e5 du vill tr\u00e4na hemma lika effektivt som du g\u00f6r p\u00e5 gymmet!<\/p>\n\t\t\t\t\t\t<\/div>\n\t\t\t\t<\/div>\n\t\t\t\t<div class=\"elementor-element elementor-element-a0656e5 elementor-align-left elementor-widget__width-auto elementor-widget elementor-widget-button\" data-id=\"a0656e5\" data-element_type=\"widget\" data-widget_type=\"button.default\">\n\t\t\t\t<div class=\"elementor-widget-container\">\n\t\t\t\t\t<div class=\"elementor-button-wrapper\">\n\t\t\t<a class=\"elementor-button elementor-button-link elementor-size-xs\" href=\"https:\/\/www.easyhomeworkouts.com\/#programs\">\n\t\t\t\t\t\t<span class=\"elementor-button-content-wrapper\">\n\t\t\t\t\t\t\t\t\t<span class=\"elementor-button-text\">Till programmen<\/span>\n\t\t\t\t\t<\/span>\n\t\t\t\t\t<\/a>\n\t\t<\/div>\n\t\t\t\t<\/div>\n\t\t\t\t<\/div>\n\t\t\t\t<\/div>\n\t\t\t\t\t<\/div>\n\t\t\t\t<\/div>\n\t\t\t\t\t<\/div>\n\t\t\t\t<\/div>\n\t\t\t\t<\/div>\n\t\t","protected":false},"excerpt":{"rendered":"<p>Logga in Tr\u00e4nar du inte med oss \u00e4n? Genom att logga in f\u00e5r du tillg\u00e5ng till det tr\u00e4ningsprogram som du har best\u00e4llt. Om du inte redan har ett konto kan du bl\u00e4ddra bland v\u00e5ra program och best\u00e4lla det som du vill ha! Ditt anv\u00e4ndarkonto skapas automatiskt n\u00e4r du g\u00f6r din best\u00e4llning. Om du har gl\u00f6mt [&hellip;]<\/p>\n","protected":false},"author":2,"featured_media":0,"parent":0,"menu_order":0,"comment_status":"closed","ping_status":"closed","template":"elementor_header_footer","meta":{"footnotes":""},"class_list":["post-1388","page","type-page","status-publish","hentry"],"aioseo_notices":[],"_links":{"self":[{"href":"https:\/\/easyhomeworkouts.com\/sv\/wp-json\/wp\/v2\/pages\/1388","targetHints":{"allow":["GET"]}}],"collection":[{"href":"https:\/\/easyhomeworkouts.com\/sv\/wp-json\/wp\/v2\/pages"}],"about":[{"href":"https:\/\/easyhomeworkouts.com\/sv\/wp-json\/wp\/v2\/types\/page"}],"author":[{"embeddable":true,"href":"https:\/\/easyhomeworkouts.com\/sv\/wp-json\/wp\/v2\/users\/2"}],"replies":[{"embeddable":true,"href":"https:\/\/easyhomeworkouts.com\/sv\/wp-json\/wp\/v2\/comments?post=1388"}],"version-history":[{"count":0,"href":"https:\/\/easyhomeworkouts.com\/sv\/wp-json\/wp\/v2\/pages\/1388\/revisions"}],"wp:attachment":[{"href":"https:\/\/easyhomeworkouts.com\/sv\/wp-json\/wp\/v2\/media?parent=1388"}],"curies":[{"name":"wp","href":"https:\/\/api.w.org\/{rel}","templated":true}]}}